{"id":849,"date":"2023-07-12T08:26:40","date_gmt":"2023-07-12T08:26:40","guid":{"rendered":"https:\/\/rgpro.com.tr\/sertifikalar\/"},"modified":"2025-01-17T09:19:22","modified_gmt":"2025-01-17T09:19:22","slug":"certificates","status":"publish","type":"page","link":"https:\/\/rgpro.com.tr\/en\/certificates\/","title":{"rendered":"Certificates"},"content":{"rendered":"\n<pre id=\"tw-target-text\" class=\"wp-block-preformatted\"><\/pre>\n\n\n\n<pre id=\"tw-target-rmn\" class=\"wp-block-preformatted\"><\/pre>\n\n\n\n<figure class=\"wp-block-image size-full\"><img loading=\"lazy\" decoding=\"async\" width=\"20\" height=\"20\" src=\"https:\/\/rgpro.com.tr\/wp-content\/uploads\/image-8.png\" alt=\"\" class=\"wp-image-5859\"\/><\/figure>\n","protected":false},"excerpt":{"rendered":"","protected":false},"author":1,"featured_media":0,"parent":0,"menu_order":0,"comment_status":"closed","ping_status":"closed","template":"","meta":{"_joinchat":[],"footnotes":""},"class_list":["post-849","page","type-page","status-publish","hentry"],"yoast_head":"<!-- This site is optimized with the Yoast SEO Premium plugin v25.2 (Yoast SEO v27.3) - https:\/\/yoast.com\/product\/yoast-seo-premium-wordpress\/ -->\n<title>Certificates | RGPro - Hermetik Kap\u0131 Sistemleri [Efor Otomatik Kap\u0131]<\/title>\n<meta name=\"robots\" content=\"index, follow, max-snippet:-1, max-image-preview:large, max-video-preview:-1\" \/>\n<link rel=\"canonical\" href=\"https:\/\/rgpro.com.tr\/en\/certificates\/\" \/>\n<meta property=\"og:locale\" content=\"en_US\" \/>\n<meta property=\"og:type\" content=\"article\" \/>\n<meta property=\"og:title\" content=\"Certificates\" \/>\n<meta property=\"og:url\" content=\"https:\/\/rgpro.com.tr\/en\/certificates\/\" \/>\n<meta property=\"og:site_name\" content=\"RGPro - Hermetik Kap\u0131 Sistemleri [Efor Otomatik Kap\u0131]\" \/>\n<meta property=\"article:modified_time\" content=\"2025-01-17T09:19:22+00:00\" \/>\n<meta property=\"og:image\" content=\"https:\/\/rgpro.com.tr\/wp-content\/uploads\/image-8.png\" \/>\n<meta name=\"twitter:card\" content=\"summary_large_image\" \/>\n<script type=\"application\/ld+json\" class=\"yoast-schema-graph\">{\"@context\":\"https:\\\/\\\/schema.org\",\"@graph\":[{\"@type\":\"WebPage\",\"@id\":\"https:\\\/\\\/rgpro.com.tr\\\/en\\\/certificates\\\/\",\"url\":\"https:\\\/\\\/rgpro.com.tr\\\/en\\\/certificates\\\/\",\"name\":\"Certificates | RGPro - Hermetik Kap\u0131 Sistemleri [Efor Otomatik Kap\u0131]\",\"isPartOf\":{\"@id\":\"https:\\\/\\\/rgpro.com.tr\\\/#website\"},\"primaryImageOfPage\":{\"@id\":\"https:\\\/\\\/rgpro.com.tr\\\/en\\\/certificates\\\/#primaryimage\"},\"image\":{\"@id\":\"https:\\\/\\\/rgpro.com.tr\\\/en\\\/certificates\\\/#primaryimage\"},\"thumbnailUrl\":\"https:\\\/\\\/rgpro.com.tr\\\/wp-content\\\/uploads\\\/image-8.png\",\"datePublished\":\"2023-07-12T08:26:40+00:00\",\"dateModified\":\"2025-01-17T09:19:22+00:00\",\"breadcrumb\":{\"@id\":\"https:\\\/\\\/rgpro.com.tr\\\/en\\\/certificates\\\/#breadcrumb\"},\"inLanguage\":\"en-US\",\"potentialAction\":[{\"@type\":\"ReadAction\",\"target\":[\"https:\\\/\\\/rgpro.com.tr\\\/en\\\/certificates\\\/\"]}]},{\"@type\":\"ImageObject\",\"inLanguage\":\"en-US\",\"@id\":\"https:\\\/\\\/rgpro.com.tr\\\/en\\\/certificates\\\/#primaryimage\",\"url\":\"https:\\\/\\\/rgpro.com.tr\\\/wp-content\\\/uploads\\\/image-8.png\",\"contentUrl\":\"https:\\\/\\\/rgpro.com.tr\\\/wp-content\\\/uploads\\\/image-8.png\"},{\"@type\":\"BreadcrumbList\",\"@id\":\"https:\\\/\\\/rgpro.com.tr\\\/en\\\/certificates\\\/#breadcrumb\",\"itemListElement\":[{\"@type\":\"ListItem\",\"position\":1,\"name\":\"Anasayfa\",\"item\":\"https:\\\/\\\/rgpro.com.tr\\\/\"},{\"@type\":\"ListItem\",\"position\":2,\"name\":\"Certificates\"}]},{\"@type\":\"WebSite\",\"@id\":\"https:\\\/\\\/rgpro.com.tr\\\/#website\",\"url\":\"https:\\\/\\\/rgpro.com.tr\\\/\",\"name\":\"RGPro - Hermetik Ameliyathane Kap\u0131 Sistemleri [Efor Otomatik Kap\u0131]\",\"description\":\"rgpro.com.tr\",\"publisher\":{\"@id\":\"https:\\\/\\\/rgpro.com.tr\\\/#organization\"},\"potentialAction\":[{\"@type\":\"SearchAction\",\"target\":{\"@type\":\"EntryPoint\",\"urlTemplate\":\"https:\\\/\\\/rgpro.com.tr\\\/?s={search_term_string}\"},\"query-input\":{\"@type\":\"PropertyValueSpecification\",\"valueRequired\":true,\"valueName\":\"search_term_string\"}}],\"inLanguage\":\"en-US\"},{\"@type\":\"Organization\",\"@id\":\"https:\\\/\\\/rgpro.com.tr\\\/#organization\",\"name\":\"EFOR OTOMAT\u0130K KAPI \u0130N\u015eAAT ELEKTR\u0130K ELEKTRON\u0130K VE OTOMASYON S\u0130STEMLER\u0130 SAN. T\u0130C. LTD. \u015eT\u0130.\",\"url\":\"https:\\\/\\\/rgpro.com.tr\\\/\",\"logo\":{\"@type\":\"ImageObject\",\"inLanguage\":\"en-US\",\"@id\":\"https:\\\/\\\/rgpro.com.tr\\\/#\\\/schema\\\/logo\\\/image\\\/\",\"url\":\"https:\\\/\\\/rgpro.com.tr\\\/wp-content\\\/uploads\\\/rgpro-marka-logo1.png\",\"contentUrl\":\"https:\\\/\\\/rgpro.com.tr\\\/wp-content\\\/uploads\\\/rgpro-marka-logo1.png\",\"width\":1240,\"height\":768,\"caption\":\"EFOR OTOMAT\u0130K KAPI \u0130N\u015eAAT ELEKTR\u0130K ELEKTRON\u0130K VE OTOMASYON S\u0130STEMLER\u0130 SAN. T\u0130C. LTD. \u015eT\u0130.\"},\"image\":{\"@id\":\"https:\\\/\\\/rgpro.com.tr\\\/#\\\/schema\\\/logo\\\/image\\\/\"}}]}<\/script>\n<!-- \/ Yoast SEO Premium plugin. -->","yoast_head_json":{"title":"Certificates | RGPro - Hermetik Kap\u0131 Sistemleri [Efor Otomatik Kap\u0131]","robots":{"index":"index","follow":"follow","max-snippet":"max-snippet:-1","max-image-preview":"max-image-preview:large","max-video-preview":"max-video-preview:-1"},"canonical":"https:\/\/rgpro.com.tr\/en\/certificates\/","og_locale":"en_US","og_type":"article","og_title":"Certificates","og_url":"https:\/\/rgpro.com.tr\/en\/certificates\/","og_site_name":"RGPro - Hermetik Kap\u0131 Sistemleri [Efor Otomatik Kap\u0131]","article_modified_time":"2025-01-17T09:19:22+00:00","og_image":[{"url":"https:\/\/rgpro.com.tr\/wp-content\/uploads\/image-8.png","type":"","width":"","height":""}],"twitter_card":"summary_large_image","schema":{"@context":"https:\/\/schema.org","@graph":[{"@type":"WebPage","@id":"https:\/\/rgpro.com.tr\/en\/certificates\/","url":"https:\/\/rgpro.com.tr\/en\/certificates\/","name":"Certificates | RGPro - Hermetik Kap\u0131 Sistemleri [Efor Otomatik Kap\u0131]","isPartOf":{"@id":"https:\/\/rgpro.com.tr\/#website"},"primaryImageOfPage":{"@id":"https:\/\/rgpro.com.tr\/en\/certificates\/#primaryimage"},"image":{"@id":"https:\/\/rgpro.com.tr\/en\/certificates\/#primaryimage"},"thumbnailUrl":"https:\/\/rgpro.com.tr\/wp-content\/uploads\/image-8.png","datePublished":"2023-07-12T08:26:40+00:00","dateModified":"2025-01-17T09:19:22+00:00","breadcrumb":{"@id":"https:\/\/rgpro.com.tr\/en\/certificates\/#breadcrumb"},"inLanguage":"en-US","potentialAction":[{"@type":"ReadAction","target":["https:\/\/rgpro.com.tr\/en\/certificates\/"]}]},{"@type":"ImageObject","inLanguage":"en-US","@id":"https:\/\/rgpro.com.tr\/en\/certificates\/#primaryimage","url":"https:\/\/rgpro.com.tr\/wp-content\/uploads\/image-8.png","contentUrl":"https:\/\/rgpro.com.tr\/wp-content\/uploads\/image-8.png"},{"@type":"BreadcrumbList","@id":"https:\/\/rgpro.com.tr\/en\/certificates\/#breadcrumb","itemListElement":[{"@type":"ListItem","position":1,"name":"Anasayfa","item":"https:\/\/rgpro.com.tr\/"},{"@type":"ListItem","position":2,"name":"Certificates"}]},{"@type":"WebSite","@id":"https:\/\/rgpro.com.tr\/#website","url":"https:\/\/rgpro.com.tr\/","name":"RGPro - Hermetik Ameliyathane Kap\u0131 Sistemleri [Efor Otomatik Kap\u0131]","description":"rgpro.com.tr","publisher":{"@id":"https:\/\/rgpro.com.tr\/#organization"},"potentialAction":[{"@type":"SearchAction","target":{"@type":"EntryPoint","urlTemplate":"https:\/\/rgpro.com.tr\/?s={search_term_string}"},"query-input":{"@type":"PropertyValueSpecification","valueRequired":true,"valueName":"search_term_string"}}],"inLanguage":"en-US"},{"@type":"Organization","@id":"https:\/\/rgpro.com.tr\/#organization","name":"EFOR OTOMAT\u0130K KAPI \u0130N\u015eAAT ELEKTR\u0130K ELEKTRON\u0130K VE OTOMASYON S\u0130STEMLER\u0130 SAN. T\u0130C. LTD. \u015eT\u0130.","url":"https:\/\/rgpro.com.tr\/","logo":{"@type":"ImageObject","inLanguage":"en-US","@id":"https:\/\/rgpro.com.tr\/#\/schema\/logo\/image\/","url":"https:\/\/rgpro.com.tr\/wp-content\/uploads\/rgpro-marka-logo1.png","contentUrl":"https:\/\/rgpro.com.tr\/wp-content\/uploads\/rgpro-marka-logo1.png","width":1240,"height":768,"caption":"EFOR OTOMAT\u0130K KAPI \u0130N\u015eAAT ELEKTR\u0130K ELEKTRON\u0130K VE OTOMASYON S\u0130STEMLER\u0130 SAN. T\u0130C. LTD. \u015eT\u0130."},"image":{"@id":"https:\/\/rgpro.com.tr\/#\/schema\/logo\/image\/"}}]}},"_links":{"self":[{"href":"https:\/\/rgpro.com.tr\/en\/wp-json\/wp\/v2\/pages\/849","targetHints":{"allow":["GET"]}}],"collection":[{"href":"https:\/\/rgpro.com.tr\/en\/wp-json\/wp\/v2\/pages"}],"about":[{"href":"https:\/\/rgpro.com.tr\/en\/wp-json\/wp\/v2\/types\/page"}],"author":[{"embeddable":true,"href":"https:\/\/rgpro.com.tr\/en\/wp-json\/wp\/v2\/users\/1"}],"replies":[{"embeddable":true,"href":"https:\/\/rgpro.com.tr\/en\/wp-json\/wp\/v2\/comments?post=849"}],"version-history":[{"count":2,"href":"https:\/\/rgpro.com.tr\/en\/wp-json\/wp\/v2\/pages\/849\/revisions"}],"predecessor-version":[{"id":5863,"href":"https:\/\/rgpro.com.tr\/en\/wp-json\/wp\/v2\/pages\/849\/revisions\/5863"}],"wp:attachment":[{"href":"https:\/\/rgpro.com.tr\/en\/wp-json\/wp\/v2\/media?parent=849"}],"curies":[{"name":"wp","href":"https:\/\/api.w.org\/{rel}","templated":true}]}}