{"id":392,"date":"2021-12-07T06:45:59","date_gmt":"2021-12-07T06:45:59","guid":{"rendered":"https:\/\/rgpro.com.tr\/?page_id=392"},"modified":"2025-09-19T08:52:29","modified_gmt":"2025-09-19T08:52:29","slug":"lead-hermetic-door-systems","status":"publish","type":"page","link":"https:\/\/rgpro.com.tr\/en\/lead-hermetic-door-systems\/","title":{"rendered":"Lead Hermetic Door Systems"},"content":{"rendered":"\n<p>Lead Hermetic Door Systems<br><h4>Hermetic hinged door, known for its high impermeability and in its environment\r<br>It is the door model that ensures that the air properties (temperature, humidity, amount of particles, etc.) remain constant.<\/h4><br>line<br>Ameliyathane Kap\u0131lar\u0131<br><br><img decoding=\"async\" src=\"https:\/\/gize.com.tr\/wp-content\/uploads\/efor-door-hermetik-menteseli-kovboy-kapilar.jpg\" alt=\"\" \/><br>full<br><br><h4>Lead Hermetic Door Systems<\/h4>\r<br>Preferred for specific purposes such as\r<br>operation rooms, laboratories and even\r<br>recording studios where proofing is a must,\r<br>hermetic doors meet air tightness need by\r<br>entirely contacting walls and the floor. This\r<br>system can be safely used in any\r<br>environment where air and sound\r<br>insulations are essential such as operations\r<br>rooms and laboratories that require\r<br>hermetic quality.\r<br>Hermetic door mechanism and wing design\r<br>oer an ergonomic use with smooth\r<br>surfaces that don\u2019t keep dust which is\r<br>essential for sterile environments.<br>no-repeat;left top;;<br>auto<br><br>Available with three material options which\r<br>are MDF-Lam, Compact laminate and\r<br>stainless steel, the hermetic door model\r<br>complies 100% with the technical\r<br>specifications of the Ministry of Health and\r<br>TOK\u0130 (Housing Development Administration)\r<br>and has test reports and certificates that meet\r<br>the universal standards and norms in full\r<br>measure.\r<br>Owing to the articulated structure within the\r<br>mechanism, wing fits in its place with a\r<br>simultaneous horizontal movement when it\r<br>gets closer to the closing level. At this point,\r<br>the guide element pushes the wing towards\r<br>the wall and the wing closes by using the door\r<br>gaps on all 4 edges.\r<br>\u2022\r<br>They may further be preferred for preventing\r<br>hazardous X-rays from special radiation\r<br>rooms.\r<br>\u2022\r<br>Lead plates ranging from 1 mm to 10 mm can\r<br>be placed within the wings<br>Hermetik Mente\u015feli Kap\u0131 Nedir?<br>no-repeat;left top;;<br>auto<br><br><\/p>\n","protected":false},"excerpt":{"rendered":"<p>Lead Hermetic Door Systems Hermetic hinged door, known for its high impermeability and in its environment It is the door model that ensures that the air<span class=\"excerpt-hellip\"> [\u2026]<\/span><\/p>\n","protected":false},"author":1,"featured_media":0,"parent":0,"menu_order":0,"comment_status":"closed","ping_status":"closed","template":"","meta":{"_joinchat":[],"footnotes":""},"class_list":["post-392","page","type-page","status-publish","hentry"],"yoast_head":"<!-- This site is optimized with the Yoast SEO Premium plugin v25.2 (Yoast SEO v27.3) - https:\/\/yoast.com\/product\/yoast-seo-premium-wordpress\/ -->\n<title>RGPRO Door | Lead Hermetic Door Systems | Efor<\/title>\n<meta name=\"description\" content=\"Hermetic hinged door known for its High TightnessIt is the door model that keeps the air properties constant.\" \/>\n<meta name=\"robots\" content=\"index, follow, max-snippet:-1, max-image-preview:large, max-video-preview:-1\" \/>\n<link rel=\"canonical\" href=\"https:\/\/rgpro.com.tr\/kursunlu-hermetik-kapi\/\" \/>\n<meta property=\"og:locale\" content=\"en_US\" \/>\n<meta property=\"og:type\" content=\"article\" \/>\n<meta property=\"og:title\" content=\"Lead Hermetic Door Systems\" \/>\n<meta property=\"og:description\" content=\"Hermetic hinged door known for its High TightnessIt is the door model that keeps the air properties constant.\" \/>\n<meta property=\"og:url\" content=\"https:\/\/rgpro.com.tr\/kursunlu-hermetik-kapi\/\" \/>\n<meta property=\"og:site_name\" content=\"RGPro - Hermetik Kap\u0131 Sistemleri [Efor Otomatik Kap\u0131]\" \/>\n<meta property=\"article:modified_time\" content=\"2025-09-19T08:52:29+00:00\" \/>\n<meta property=\"og:image\" content=\"https:\/\/gize.com.tr\/wp-content\/uploads\/efor-door-hermetik-menteseli-kovboy-kapilar.jpg\" \/>\n<meta name=\"twitter:card\" content=\"summary_large_image\" \/>\n<meta name=\"twitter:label1\" content=\"Est. reading time\" \/>\n\t<meta name=\"twitter:data1\" content=\"2 minutes\" \/>\n<script type=\"application\/ld+json\" class=\"yoast-schema-graph\">{\"@context\":\"https:\\\/\\\/schema.org\",\"@graph\":[{\"@type\":\"WebPage\",\"@id\":\"https:\\\/\\\/rgpro.com.tr\\\/kursunlu-hermetik-kapi\\\/\",\"url\":\"https:\\\/\\\/rgpro.com.tr\\\/kursunlu-hermetik-kapi\\\/\",\"name\":\"RGPRO Door | Lead Hermetic Door Systems | Efor\",\"isPartOf\":{\"@id\":\"https:\\\/\\\/rgpro.com.tr\\\/#website\"},\"primaryImageOfPage\":{\"@id\":\"https:\\\/\\\/rgpro.com.tr\\\/kursunlu-hermetik-kapi\\\/#primaryimage\"},\"image\":{\"@id\":\"https:\\\/\\\/rgpro.com.tr\\\/kursunlu-hermetik-kapi\\\/#primaryimage\"},\"thumbnailUrl\":\"https:\\\/\\\/gize.com.tr\\\/wp-content\\\/uploads\\\/efor-door-hermetik-menteseli-kovboy-kapilar.jpg\",\"datePublished\":\"2021-12-07T06:45:59+00:00\",\"dateModified\":\"2025-09-19T08:52:29+00:00\",\"description\":\"Hermetic hinged door known for its High TightnessIt is the door model that keeps the air properties constant.\",\"breadcrumb\":{\"@id\":\"https:\\\/\\\/rgpro.com.tr\\\/kursunlu-hermetik-kapi\\\/#breadcrumb\"},\"inLanguage\":\"en-US\",\"potentialAction\":[{\"@type\":\"ReadAction\",\"target\":[\"https:\\\/\\\/rgpro.com.tr\\\/kursunlu-hermetik-kapi\\\/\"]}]},{\"@type\":\"ImageObject\",\"inLanguage\":\"en-US\",\"@id\":\"https:\\\/\\\/rgpro.com.tr\\\/kursunlu-hermetik-kapi\\\/#primaryimage\",\"url\":\"https:\\\/\\\/gize.com.tr\\\/wp-content\\\/uploads\\\/efor-door-hermetik-menteseli-kovboy-kapilar.jpg\",\"contentUrl\":\"https:\\\/\\\/gize.com.tr\\\/wp-content\\\/uploads\\\/efor-door-hermetik-menteseli-kovboy-kapilar.jpg\"},{\"@type\":\"BreadcrumbList\",\"@id\":\"https:\\\/\\\/rgpro.com.tr\\\/kursunlu-hermetik-kapi\\\/#breadcrumb\",\"itemListElement\":[{\"@type\":\"ListItem\",\"position\":1,\"name\":\"Anasayfa\",\"item\":\"https:\\\/\\\/rgpro.com.tr\\\/\"},{\"@type\":\"ListItem\",\"position\":2,\"name\":\"Lead Hermetic Door Systems\"}]},{\"@type\":\"WebSite\",\"@id\":\"https:\\\/\\\/rgpro.com.tr\\\/#website\",\"url\":\"https:\\\/\\\/rgpro.com.tr\\\/\",\"name\":\"RGPro - Hermetik Ameliyathane Kap\u0131 Sistemleri [Efor Otomatik Kap\u0131]\",\"description\":\"rgpro.com.tr\",\"publisher\":{\"@id\":\"https:\\\/\\\/rgpro.com.tr\\\/#organization\"},\"potentialAction\":[{\"@type\":\"SearchAction\",\"target\":{\"@type\":\"EntryPoint\",\"urlTemplate\":\"https:\\\/\\\/rgpro.com.tr\\\/?s={search_term_string}\"},\"query-input\":{\"@type\":\"PropertyValueSpecification\",\"valueRequired\":true,\"valueName\":\"search_term_string\"}}],\"inLanguage\":\"en-US\"},{\"@type\":\"Organization\",\"@id\":\"https:\\\/\\\/rgpro.com.tr\\\/#organization\",\"name\":\"EFOR OTOMAT\u0130K KAPI \u0130N\u015eAAT ELEKTR\u0130K ELEKTRON\u0130K VE OTOMASYON S\u0130STEMLER\u0130 SAN. T\u0130C. LTD. \u015eT\u0130.\",\"url\":\"https:\\\/\\\/rgpro.com.tr\\\/\",\"logo\":{\"@type\":\"ImageObject\",\"inLanguage\":\"en-US\",\"@id\":\"https:\\\/\\\/rgpro.com.tr\\\/#\\\/schema\\\/logo\\\/image\\\/\",\"url\":\"https:\\\/\\\/rgpro.com.tr\\\/wp-content\\\/uploads\\\/rgpro-marka-logo1.png\",\"contentUrl\":\"https:\\\/\\\/rgpro.com.tr\\\/wp-content\\\/uploads\\\/rgpro-marka-logo1.png\",\"width\":1240,\"height\":768,\"caption\":\"EFOR OTOMAT\u0130K KAPI \u0130N\u015eAAT ELEKTR\u0130K ELEKTRON\u0130K VE OTOMASYON S\u0130STEMLER\u0130 SAN. T\u0130C. LTD. \u015eT\u0130.\"},\"image\":{\"@id\":\"https:\\\/\\\/rgpro.com.tr\\\/#\\\/schema\\\/logo\\\/image\\\/\"}}]}<\/script>\n<!-- \/ Yoast SEO Premium plugin. -->","yoast_head_json":{"title":"RGPRO Door | Lead Hermetic Door Systems | Efor","description":"Hermetic hinged door known for its High TightnessIt is the door model that keeps the air properties constant.","robots":{"index":"index","follow":"follow","max-snippet":"max-snippet:-1","max-image-preview":"max-image-preview:large","max-video-preview":"max-video-preview:-1"},"canonical":"https:\/\/rgpro.com.tr\/kursunlu-hermetik-kapi\/","og_locale":"en_US","og_type":"article","og_title":"Lead Hermetic Door Systems","og_description":"Hermetic hinged door known for its High TightnessIt is the door model that keeps the air properties constant.","og_url":"https:\/\/rgpro.com.tr\/kursunlu-hermetik-kapi\/","og_site_name":"RGPro - Hermetik Kap\u0131 Sistemleri [Efor Otomatik Kap\u0131]","article_modified_time":"2025-09-19T08:52:29+00:00","og_image":[{"url":"https:\/\/gize.com.tr\/wp-content\/uploads\/efor-door-hermetik-menteseli-kovboy-kapilar.jpg","type":"","width":"","height":""}],"twitter_card":"summary_large_image","twitter_misc":{"Est. reading time":"2 minutes"},"schema":{"@context":"https:\/\/schema.org","@graph":[{"@type":"WebPage","@id":"https:\/\/rgpro.com.tr\/kursunlu-hermetik-kapi\/","url":"https:\/\/rgpro.com.tr\/kursunlu-hermetik-kapi\/","name":"RGPRO Door | Lead Hermetic Door Systems | Efor","isPartOf":{"@id":"https:\/\/rgpro.com.tr\/#website"},"primaryImageOfPage":{"@id":"https:\/\/rgpro.com.tr\/kursunlu-hermetik-kapi\/#primaryimage"},"image":{"@id":"https:\/\/rgpro.com.tr\/kursunlu-hermetik-kapi\/#primaryimage"},"thumbnailUrl":"https:\/\/gize.com.tr\/wp-content\/uploads\/efor-door-hermetik-menteseli-kovboy-kapilar.jpg","datePublished":"2021-12-07T06:45:59+00:00","dateModified":"2025-09-19T08:52:29+00:00","description":"Hermetic hinged door known for its High TightnessIt is the door model that keeps the air properties constant.","breadcrumb":{"@id":"https:\/\/rgpro.com.tr\/kursunlu-hermetik-kapi\/#breadcrumb"},"inLanguage":"en-US","potentialAction":[{"@type":"ReadAction","target":["https:\/\/rgpro.com.tr\/kursunlu-hermetik-kapi\/"]}]},{"@type":"ImageObject","inLanguage":"en-US","@id":"https:\/\/rgpro.com.tr\/kursunlu-hermetik-kapi\/#primaryimage","url":"https:\/\/gize.com.tr\/wp-content\/uploads\/efor-door-hermetik-menteseli-kovboy-kapilar.jpg","contentUrl":"https:\/\/gize.com.tr\/wp-content\/uploads\/efor-door-hermetik-menteseli-kovboy-kapilar.jpg"},{"@type":"BreadcrumbList","@id":"https:\/\/rgpro.com.tr\/kursunlu-hermetik-kapi\/#breadcrumb","itemListElement":[{"@type":"ListItem","position":1,"name":"Anasayfa","item":"https:\/\/rgpro.com.tr\/"},{"@type":"ListItem","position":2,"name":"Lead Hermetic Door Systems"}]},{"@type":"WebSite","@id":"https:\/\/rgpro.com.tr\/#website","url":"https:\/\/rgpro.com.tr\/","name":"RGPro - Hermetik Ameliyathane Kap\u0131 Sistemleri [Efor Otomatik Kap\u0131]","description":"rgpro.com.tr","publisher":{"@id":"https:\/\/rgpro.com.tr\/#organization"},"potentialAction":[{"@type":"SearchAction","target":{"@type":"EntryPoint","urlTemplate":"https:\/\/rgpro.com.tr\/?s={search_term_string}"},"query-input":{"@type":"PropertyValueSpecification","valueRequired":true,"valueName":"search_term_string"}}],"inLanguage":"en-US"},{"@type":"Organization","@id":"https:\/\/rgpro.com.tr\/#organization","name":"EFOR OTOMAT\u0130K KAPI \u0130N\u015eAAT ELEKTR\u0130K ELEKTRON\u0130K VE OTOMASYON S\u0130STEMLER\u0130 SAN. T\u0130C. LTD. \u015eT\u0130.","url":"https:\/\/rgpro.com.tr\/","logo":{"@type":"ImageObject","inLanguage":"en-US","@id":"https:\/\/rgpro.com.tr\/#\/schema\/logo\/image\/","url":"https:\/\/rgpro.com.tr\/wp-content\/uploads\/rgpro-marka-logo1.png","contentUrl":"https:\/\/rgpro.com.tr\/wp-content\/uploads\/rgpro-marka-logo1.png","width":1240,"height":768,"caption":"EFOR OTOMAT\u0130K KAPI \u0130N\u015eAAT ELEKTR\u0130K ELEKTRON\u0130K VE OTOMASYON S\u0130STEMLER\u0130 SAN. T\u0130C. LTD. \u015eT\u0130."},"image":{"@id":"https:\/\/rgpro.com.tr\/#\/schema\/logo\/image\/"}}]}},"_links":{"self":[{"href":"https:\/\/rgpro.com.tr\/en\/wp-json\/wp\/v2\/pages\/392","targetHints":{"allow":["GET"]}}],"collection":[{"href":"https:\/\/rgpro.com.tr\/en\/wp-json\/wp\/v2\/pages"}],"about":[{"href":"https:\/\/rgpro.com.tr\/en\/wp-json\/wp\/v2\/types\/page"}],"author":[{"embeddable":true,"href":"https:\/\/rgpro.com.tr\/en\/wp-json\/wp\/v2\/users\/1"}],"replies":[{"embeddable":true,"href":"https:\/\/rgpro.com.tr\/en\/wp-json\/wp\/v2\/comments?post=392"}],"version-history":[{"count":2,"href":"https:\/\/rgpro.com.tr\/en\/wp-json\/wp\/v2\/pages\/392\/revisions"}],"predecessor-version":[{"id":3951,"href":"https:\/\/rgpro.com.tr\/en\/wp-json\/wp\/v2\/pages\/392\/revisions\/3951"}],"wp:attachment":[{"href":"https:\/\/rgpro.com.tr\/en\/wp-json\/wp\/v2\/media?parent=392"}],"curies":[{"name":"wp","href":"https:\/\/api.w.org\/{rel}","templated":true}]}}