{"id":340,"date":"2021-12-03T10:12:36","date_gmt":"2021-12-03T10:12:36","guid":{"rendered":"https:\/\/rgpro.com.tr\/?page_id=340"},"modified":"2024-12-19T11:31:24","modified_gmt":"2024-12-19T11:31:24","slug":"online-catalog","status":"publish","type":"page","link":"https:\/\/rgpro.com.tr\/en\/online-catalog\/","title":{"rendered":"Online Catalog"},"content":{"rendered":"\n<p>Online Catalog<br>icon<br>icon-book-open<br><br><div class=\"_df_book df-lite\" id=\"df_404\"  _slug=\"rgpro-catalog-eng\" data-title=\"rgpro-catalog-eng\" wpoptions=\"true\" thumbtype=\"\" ><\/div><script class=\"df-shortcode-script\" nowprocket type=\"application\/javascript\">window.option_df_404 = {\"outline\":[],\"autoEnableOutline\":\"false\",\"autoEnableThumbnail\":\"false\",\"overwritePDFOutline\":\"false\",\"direction\":\"1\",\"pageSize\":\"0\",\"source\":\"https:\\\/\\\/rgpro.com.tr\\\/wp-content\\\/uploads\\\/RG-PRO-YENI_web-.pdf\",\"wpOptions\":\"true\"}; if(window.DFLIP && window.DFLIP.parseBooks){window.DFLIP.parseBooks();}<\/script><br>Online Katalog<br>no-repeat;left top;;<br>auto<br><br><\/p>\n","protected":false},"excerpt":{"rendered":"<p>Online Catalogiconicon-book-open Online Katalogno-repeat;left top;;auto<\/p>\n","protected":false},"author":1,"featured_media":0,"parent":0,"menu_order":0,"comment_status":"closed","ping_status":"closed","template":"","meta":{"_joinchat":[],"footnotes":""},"class_list":["post-340","page","type-page","status-publish","hentry"],"yoast_head":"<!-- This site is optimized with the Yoast SEO Premium plugin v25.2 (Yoast SEO v27.3) - https:\/\/yoast.com\/product\/yoast-seo-premium-wordpress\/ -->\n<title>RGPRO | Online Catalog | Efor<\/title>\n<meta name=\"robots\" content=\"index, follow, max-snippet:-1, max-image-preview:large, max-video-preview:-1\" \/>\n<link rel=\"canonical\" href=\"https:\/\/rgpro.com.tr\/en\/online-catalog\/\" \/>\n<meta property=\"og:locale\" content=\"en_US\" \/>\n<meta property=\"og:type\" content=\"article\" \/>\n<meta property=\"og:title\" content=\"Online Catalog\" \/>\n<meta property=\"og:description\" content=\"Online Catalogiconicon-book-open Online Katalogno-repeat;left top;;auto\" \/>\n<meta property=\"og:url\" content=\"https:\/\/rgpro.com.tr\/en\/online-catalog\/\" \/>\n<meta property=\"og:site_name\" content=\"RGPro - Hermetik Kap\u0131 Sistemleri [Efor Otomatik Kap\u0131]\" \/>\n<meta property=\"article:modified_time\" content=\"2024-12-19T11:31:24+00:00\" \/>\n<meta name=\"twitter:card\" content=\"summary_large_image\" \/>\n<meta name=\"twitter:label1\" content=\"Est. reading time\" \/>\n\t<meta name=\"twitter:data1\" content=\"1 minute\" \/>\n<script type=\"application\/ld+json\" class=\"yoast-schema-graph\">{\"@context\":\"https:\\\/\\\/schema.org\",\"@graph\":[{\"@type\":\"WebPage\",\"@id\":\"https:\\\/\\\/rgpro.com.tr\\\/en\\\/online-catalog\\\/\",\"url\":\"https:\\\/\\\/rgpro.com.tr\\\/en\\\/online-catalog\\\/\",\"name\":\"RGPRO | Online Catalog | Efor\",\"isPartOf\":{\"@id\":\"https:\\\/\\\/rgpro.com.tr\\\/#website\"},\"datePublished\":\"2021-12-03T10:12:36+00:00\",\"dateModified\":\"2024-12-19T11:31:24+00:00\",\"breadcrumb\":{\"@id\":\"https:\\\/\\\/rgpro.com.tr\\\/en\\\/online-catalog\\\/#breadcrumb\"},\"inLanguage\":\"en-US\",\"potentialAction\":[{\"@type\":\"ReadAction\",\"target\":[\"https:\\\/\\\/rgpro.com.tr\\\/en\\\/online-catalog\\\/\"]}]},{\"@type\":\"BreadcrumbList\",\"@id\":\"https:\\\/\\\/rgpro.com.tr\\\/en\\\/online-catalog\\\/#breadcrumb\",\"itemListElement\":[{\"@type\":\"ListItem\",\"position\":1,\"name\":\"Anasayfa\",\"item\":\"https:\\\/\\\/rgpro.com.tr\\\/\"},{\"@type\":\"ListItem\",\"position\":2,\"name\":\"Online Catalog\"}]},{\"@type\":\"WebSite\",\"@id\":\"https:\\\/\\\/rgpro.com.tr\\\/#website\",\"url\":\"https:\\\/\\\/rgpro.com.tr\\\/\",\"name\":\"RGPro - Hermetik Ameliyathane Kap\u0131 Sistemleri [Efor Otomatik Kap\u0131]\",\"description\":\"rgpro.com.tr\",\"publisher\":{\"@id\":\"https:\\\/\\\/rgpro.com.tr\\\/#organization\"},\"potentialAction\":[{\"@type\":\"SearchAction\",\"target\":{\"@type\":\"EntryPoint\",\"urlTemplate\":\"https:\\\/\\\/rgpro.com.tr\\\/?s={search_term_string}\"},\"query-input\":{\"@type\":\"PropertyValueSpecification\",\"valueRequired\":true,\"valueName\":\"search_term_string\"}}],\"inLanguage\":\"en-US\"},{\"@type\":\"Organization\",\"@id\":\"https:\\\/\\\/rgpro.com.tr\\\/#organization\",\"name\":\"EFOR OTOMAT\u0130K KAPI \u0130N\u015eAAT ELEKTR\u0130K ELEKTRON\u0130K VE OTOMASYON S\u0130STEMLER\u0130 SAN. T\u0130C. LTD. \u015eT\u0130.\",\"url\":\"https:\\\/\\\/rgpro.com.tr\\\/\",\"logo\":{\"@type\":\"ImageObject\",\"inLanguage\":\"en-US\",\"@id\":\"https:\\\/\\\/rgpro.com.tr\\\/#\\\/schema\\\/logo\\\/image\\\/\",\"url\":\"https:\\\/\\\/rgpro.com.tr\\\/wp-content\\\/uploads\\\/rgpro-marka-logo1.png\",\"contentUrl\":\"https:\\\/\\\/rgpro.com.tr\\\/wp-content\\\/uploads\\\/rgpro-marka-logo1.png\",\"width\":1240,\"height\":768,\"caption\":\"EFOR OTOMAT\u0130K KAPI \u0130N\u015eAAT ELEKTR\u0130K ELEKTRON\u0130K VE OTOMASYON S\u0130STEMLER\u0130 SAN. T\u0130C. LTD. \u015eT\u0130.\"},\"image\":{\"@id\":\"https:\\\/\\\/rgpro.com.tr\\\/#\\\/schema\\\/logo\\\/image\\\/\"}}]}<\/script>\n<!-- \/ Yoast SEO Premium plugin. -->","yoast_head_json":{"title":"RGPRO | Online Catalog | Efor","robots":{"index":"index","follow":"follow","max-snippet":"max-snippet:-1","max-image-preview":"max-image-preview:large","max-video-preview":"max-video-preview:-1"},"canonical":"https:\/\/rgpro.com.tr\/en\/online-catalog\/","og_locale":"en_US","og_type":"article","og_title":"Online Catalog","og_description":"Online Catalogiconicon-book-open Online Katalogno-repeat;left top;;auto","og_url":"https:\/\/rgpro.com.tr\/en\/online-catalog\/","og_site_name":"RGPro - Hermetik Kap\u0131 Sistemleri [Efor Otomatik Kap\u0131]","article_modified_time":"2024-12-19T11:31:24+00:00","twitter_card":"summary_large_image","twitter_misc":{"Est. reading time":"1 minute"},"schema":{"@context":"https:\/\/schema.org","@graph":[{"@type":"WebPage","@id":"https:\/\/rgpro.com.tr\/en\/online-catalog\/","url":"https:\/\/rgpro.com.tr\/en\/online-catalog\/","name":"RGPRO | Online Catalog | Efor","isPartOf":{"@id":"https:\/\/rgpro.com.tr\/#website"},"datePublished":"2021-12-03T10:12:36+00:00","dateModified":"2024-12-19T11:31:24+00:00","breadcrumb":{"@id":"https:\/\/rgpro.com.tr\/en\/online-catalog\/#breadcrumb"},"inLanguage":"en-US","potentialAction":[{"@type":"ReadAction","target":["https:\/\/rgpro.com.tr\/en\/online-catalog\/"]}]},{"@type":"BreadcrumbList","@id":"https:\/\/rgpro.com.tr\/en\/online-catalog\/#breadcrumb","itemListElement":[{"@type":"ListItem","position":1,"name":"Anasayfa","item":"https:\/\/rgpro.com.tr\/"},{"@type":"ListItem","position":2,"name":"Online Catalog"}]},{"@type":"WebSite","@id":"https:\/\/rgpro.com.tr\/#website","url":"https:\/\/rgpro.com.tr\/","name":"RGPro - Hermetik Ameliyathane Kap\u0131 Sistemleri [Efor Otomatik Kap\u0131]","description":"rgpro.com.tr","publisher":{"@id":"https:\/\/rgpro.com.tr\/#organization"},"potentialAction":[{"@type":"SearchAction","target":{"@type":"EntryPoint","urlTemplate":"https:\/\/rgpro.com.tr\/?s={search_term_string}"},"query-input":{"@type":"PropertyValueSpecification","valueRequired":true,"valueName":"search_term_string"}}],"inLanguage":"en-US"},{"@type":"Organization","@id":"https:\/\/rgpro.com.tr\/#organization","name":"EFOR OTOMAT\u0130K KAPI \u0130N\u015eAAT ELEKTR\u0130K ELEKTRON\u0130K VE OTOMASYON S\u0130STEMLER\u0130 SAN. T\u0130C. LTD. \u015eT\u0130.","url":"https:\/\/rgpro.com.tr\/","logo":{"@type":"ImageObject","inLanguage":"en-US","@id":"https:\/\/rgpro.com.tr\/#\/schema\/logo\/image\/","url":"https:\/\/rgpro.com.tr\/wp-content\/uploads\/rgpro-marka-logo1.png","contentUrl":"https:\/\/rgpro.com.tr\/wp-content\/uploads\/rgpro-marka-logo1.png","width":1240,"height":768,"caption":"EFOR OTOMAT\u0130K KAPI \u0130N\u015eAAT ELEKTR\u0130K ELEKTRON\u0130K VE OTOMASYON S\u0130STEMLER\u0130 SAN. T\u0130C. LTD. \u015eT\u0130."},"image":{"@id":"https:\/\/rgpro.com.tr\/#\/schema\/logo\/image\/"}}]}},"_links":{"self":[{"href":"https:\/\/rgpro.com.tr\/en\/wp-json\/wp\/v2\/pages\/340","targetHints":{"allow":["GET"]}}],"collection":[{"href":"https:\/\/rgpro.com.tr\/en\/wp-json\/wp\/v2\/pages"}],"about":[{"href":"https:\/\/rgpro.com.tr\/en\/wp-json\/wp\/v2\/types\/page"}],"author":[{"embeddable":true,"href":"https:\/\/rgpro.com.tr\/en\/wp-json\/wp\/v2\/users\/1"}],"replies":[{"embeddable":true,"href":"https:\/\/rgpro.com.tr\/en\/wp-json\/wp\/v2\/comments?post=340"}],"version-history":[{"count":1,"href":"https:\/\/rgpro.com.tr\/en\/wp-json\/wp\/v2\/pages\/340\/revisions"}],"predecessor-version":[{"id":5765,"href":"https:\/\/rgpro.com.tr\/en\/wp-json\/wp\/v2\/pages\/340\/revisions\/5765"}],"wp:attachment":[{"href":"https:\/\/rgpro.com.tr\/en\/wp-json\/wp\/v2\/media?parent=340"}],"curies":[{"name":"wp","href":"https:\/\/api.w.org\/{rel}","templated":true}]}}