{"id":328,"date":"2021-12-03T10:06:09","date_gmt":"2021-12-03T10:06:09","guid":{"rendered":"https:\/\/rgpro.com.tr\/?page_id=328"},"modified":"2026-01-27T14:07:23","modified_gmt":"2026-01-27T14:07:23","slug":"home-page-328","status":"publish","type":"page","link":"https:\/\/rgpro.com.tr\/en\/","title":{"rendered":"Home Page"},"content":{"rendered":"\n<p>rgpro-11<br><br><h2>RGPRO &#8211; Operating Room Door Systems<\/h2>\r<br><hr class=\"no_line\" style=\"margin: 0 auto 20px auto\"\/>\n\r<br>\r<br><hr class=\"no_line\" style=\"margin: 0 auto 10px auto\"\/>\n\r<br><h5>RGPro Operating room door systems, Hospital door systems and Hermetic door systems<\/h5><br>Heading + desc<br>center<br>no-repeat;left top;;<br>auto<br><br>80<br>default<br><br><img decoding=\"async\" src=\"https:\/\/rgpro.com.tr\/wp-content\/uploads\/rgopro-anasayfa.jpg\" alt=\"rgopro-anasayfa\" \/><br>full<br><br><h4>It is a company that wants to continue its experience in the sector by offering the best services, is open to development, has taken the honest and quality service as its duty.<\/h4>\r<br>Our company provides fast and affordable service to its customers in Turkey and abroad with its experienced sales teams, technical service and assembly teams and quality product stocks.<br>Hakk\u0131m\u0131zda<br>no-repeat;left top;;<br>auto<br><br>\n\t\t\t<!-- START Online Katalog 1 1 REVOLUTION SLIDER 6.7.4 --><p class=\"rs-p-wp-fix\"><\/p>\n\t\t\t<rs-module-wrap id=\"rev_slider_10_1_wrapper\" data-source=\"gallery\" style=\"visibility:hidden;background:transparent;padding:0;margin:0px auto;margin-top:0;margin-bottom:0;\">\n\t\t\t\t<rs-module id=\"rev_slider_10_1\" style=\"\" data-version=\"6.7.4\">\n\t\t\t\t\t<rs-slides style=\"overflow: hidden; position: absolute;\">\n\t\t\t\t\t\t<rs-slide style=\"position: absolute;\" data-key=\"rs-21\" data-title=\"Slide\" data-anim=\"adpr:false;\" data-in=\"o:0;\" data-out=\"a:false;\">\n\t\t\t\t\t\t\t<img decoding=\"async\" src=\"\/\/rgpro.com.tr\/wp-content\/plugins\/revslider\/sr6\/assets\/assets\/dummy.png\" alt=\"\" title=\"rgpro-anasayfa-katalog-banner\" width=\"1600\" height=\"900\" class=\"rev-slidebg tp-rs-img rs-lazyload\" data-lazyload=\"\/\/rgpro.com.tr\/wp-content\/uploads\/rgpro-anasayfa-katalog-banner.jpg\" data-parallax=\"8\" data-no-retina>\n<!--\n\t\t\t\t\t\t\t--><rs-layer\n\t\t\t\t\t\t\t\tid=\"slider-10-slide-21-layer-1\" \n\t\t\t\t\t\t\t\tclass=\"rs-pxl-4\"\n\t\t\t\t\t\t\t\tdata-type=\"text\"\n\t\t\t\t\t\t\t\tdata-color=\"#ffffff\"\n\t\t\t\t\t\t\t\tdata-rsp_ch=\"on\"\n\t\t\t\t\t\t\t\tdata-xy=\"x:-172px;y:249px;\"\n\t\t\t\t\t\t\t\tdata-text=\"s:56;l:56;fw:900;a:inherit;\"\n\t\t\t\t\t\t\t\tdata-frame_1=\"st:290;sR:290;\"\n\t\t\t\t\t\t\t\tdata-frame_999=\"o:0;st:w;sR:8410;\"\n\t\t\t\t\t\t\t\tstyle=\"z-index:10;font-family:'Muli';\"\n\t\t\t\t\t\t\t>PRODUCT CATALOGUE \n\t\t\t\t\t\t\t<\/rs-layer><!--\n\n\t\t\t\t\t\t\t--><rs-layer\n\t\t\t\t\t\t\t\tid=\"slider-10-slide-21-layer-2\" \n\t\t\t\t\t\t\t\tclass=\"rs-pxl-4\"\n\t\t\t\t\t\t\t\tdata-type=\"text\"\n\t\t\t\t\t\t\t\tdata-color=\"#ffffff\"\n\t\t\t\t\t\t\t\tdata-rsp_ch=\"on\"\n\t\t\t\t\t\t\t\tdata-xy=\"x:-21px;y:169px;\"\n\t\t\t\t\t\t\t\tdata-text=\"s:72;l:72;fw:900;a:inherit;\"\n\t\t\t\t\t\t\t\tdata-frame_999=\"o:0;st:w;sR:8700;\"\n\t\t\t\t\t\t\t\tstyle=\"z-index:11;font-family:'Muli';\"\n\t\t\t\t\t\t\t>2023 \n\t\t\t\t\t\t\t<\/rs-layer><!--\n\n\t\t\t\t\t\t\t--><rs-layer\n\t\t\t\t\t\t\t\tid=\"slider-10-slide-21-layer-3\" \n\t\t\t\t\t\t\t\tclass=\"rs-pxl-4\"\n\t\t\t\t\t\t\t\tdata-type=\"text\"\n\t\t\t\t\t\t\t\tdata-color=\"#ffffff\"\n\t\t\t\t\t\t\t\tdata-rsp_ch=\"on\"\n\t\t\t\t\t\t\t\tdata-xy=\"x:-100px;y:c;yo:-100px;\"\n\t\t\t\t\t\t\t\tdata-text=\"s:28;l:30;ls:0px;fw:500;a:center;\"\n\t\t\t\t\t\t\t\tdata-frame_1=\"st:590;sR:590;\"\n\t\t\t\t\t\t\t\tdata-frame_999=\"o:0;st:w;sR:8110;\"\n\t\t\t\t\t\t\t\tstyle=\"z-index:9;font-family:'Muli';\"\n\t\t\t\t\t\t\t> \n\t\t\t\t\t\t\t<\/rs-layer><!--\n\n\t\t\t\t\t\t\t--><rs-layer\n\t\t\t\t\t\t\t\tid=\"slider-10-slide-21-layer-4\" \n\t\t\t\t\t\t\t\tclass=\"tp-shape tp-shapewrapper rs-pxl-4\"\n\t\t\t\t\t\t\t\tdata-type=\"shape\"\n\t\t\t\t\t\t\t\tdata-rsp_ch=\"on\"\n\t\t\t\t\t\t\t\tdata-xy=\"x:-200px;y:122px;\"\n\t\t\t\t\t\t\t\tdata-text=\"fw:700;a:inherit;\"\n\t\t\t\t\t\t\t\tdata-dim=\"w:697;h:252;\"\n\t\t\t\t\t\t\t\tdata-frame_1=\"sR:10;\"\n\t\t\t\t\t\t\t\tdata-frame_999=\"o:0;st:w;sR:8690;\"\n\t\t\t\t\t\t\t\tstyle=\"z-index:8;background-color:rgba(255,255,255,0.53);\"\n\t\t\t\t\t\t\t> \n\t\t\t\t\t\t\t<\/rs-layer><!--\n\n\t\t\t\t\t\t\t--><a\n\t\t\t\t\t\t\t\tid=\"slider-10-slide-21-layer-5\" \n\t\t\t\t\t\t\t\tclass=\"rs-layer rev-btn\"\n\t\t\t\t\t\t\t\thref=\"https:\/\/rgpro.com.tr\/en\/online-catalog\/\" target=\"_self\"\n\t\t\t\t\t\t\t\tdata-type=\"button\"\n\t\t\t\t\t\t\t\tdata-color=\"#000000\"\n\t\t\t\t\t\t\t\tdata-bsh=\"v:10px;b:20px;\"\n\t\t\t\t\t\t\t\tdata-rsp_ch=\"on\"\n\t\t\t\t\t\t\t\tdata-xy=\"x:-37px;y:454px;\"\n\t\t\t\t\t\t\t\tdata-text=\"w:normal;l:60;fw:500;\"\n\t\t\t\t\t\t\t\tdata-dim=\"minh:0px;\"\n\t\t\t\t\t\t\t\tdata-padding=\"r:60;l:60;\"\n\t\t\t\t\t\t\t\tdata-border=\"bor:5px,5px,5px,5px;\"\n\t\t\t\t\t\t\t\tdata-frame_999=\"o:0;st:w;\"\n\t\t\t\t\t\t\t\tdata-frame_hover=\"c:#fff;bgc:linear-gradient(rgba(255,149,0,1) 0%, rgba(255,94,58,1) 100%);bor:5px,5px,5px,5px;e:power1.inOut;bri:120%;\"\n\t\t\t\t\t\t\t\tstyle=\"z-index:12;background:linear-gradient(rgba(247,247,247,1) 0%, rgba(215,215,215,1) 100%);font-family:'Roboto';\"\n\t\t\t\t\t\t\t>VIEW CATALOG \n\t\t\t\t\t\t\t<\/a><!--\n-->\t\t\t\t\t<\/rs-slide>\n\t\t\t\t\t<\/rs-slides>\n\t\t\t\t<\/rs-module>\n\t\t\t\t<script>\n\t\t\t\t\tsetREVStartSize({c: 'rev_slider_10_1',rl:[1240,1024,778,480],el:[800],gw:[1080],gh:[800],type:'standard',justify:'',layout:'fullwidth',mh:\"0\"});if (window.RS_MODULES!==undefined && window.RS_MODULES.modules!==undefined && window.RS_MODULES.modules[\"revslider101\"]!==undefined) {window.RS_MODULES.modules[\"revslider101\"].once = false;window.revapi10 = undefined;if (window.RS_MODULES.checkMinimal!==undefined) window.RS_MODULES.checkMinimal()}\n\t\t\t\t<\/script>\n\t\t\t<\/rs-module-wrap>\n\t\t\t<!-- END REVOLUTION SLIDER -->\n<br>Online Katalog<br>no-repeat;left top;;<br>auto<br><br>Our Brands<br><h4>The brands of our doors that we have produced as Efor automatic door systems;\r<br>We are divided into &#8220;Gize &#8211; Photocell Door Systems&#8221; and &#8220;RGPro &#8211; Operating Room Door Systems&#8221;.<\/h4><br>arrows<br><br><img decoding=\"async\" src=\"https:\/\/rgpro.com.tr\/wp-content\/uploads\/gize-marka-logo.png\" alt=\"gize-marka-logo\" \/><br>https:\/\/rgpro.com.tr\/wp-content\/uploads\/otomatik-kapi-sistemleri.jpg<br><a href=\"https:\/\/gize.com.tr\/\">https:\/\/gize.com.tr\/<\/a><br><br>Gize Automatic Door Systems<br><a href=\"https:\/\/rgpro.com.tr\/en\/\">https:\/\/rgpro.com.tr\/<\/a><br>icon-mouse<br>left<br>#002b49<br>4<br><br><img decoding=\"async\" src=\"https:\/\/rgpro.com.tr\/wp-content\/uploads\/rgpro-marka-logo1.png\" alt=\"rgpro-marka-logo1\" \/><br>https:\/\/rgpro.com.tr\/wp-content\/uploads\/hermetik-kapi-sistemleri.jpg<br><a href=\"https:\/\/rgpro.com.tr\/urunler\/\">https:\/\/rgpro.com.tr\/urunler\/<\/a><br><br>You Are Now On This Website.<br><a href=\"https:\/\/rgpro.com.tr\/urunler\/\">https:\/\/rgpro.com.tr\/urunler\/<\/a><br>icon-location<br>left<br>#f07d00<br>4<br><br><\/p>\n\n\n\n<p><\/p>\n","protected":false},"excerpt":{"rendered":"<p>rgpro-11 RGPRO &#8211; Operating Room Door Systems RGPro Operating room door systems, Hospital door systems and Hermetic door systems Heading + desccenterno-repeat;left top;;auto 80default full It<span class=\"excerpt-hellip\"> [\u2026]<\/span><\/p>\n","protected":false},"author":1,"featured_media":0,"parent":0,"menu_order":0,"comment_status":"closed","ping_status":"closed","template":"","meta":{"_joinchat":{"telephone":"+905526555353","message_text":"Hello, I am Melek,\nYou can write to me via Whatsapp by clicking the icon in the lower right corner.","message_send":"Hello, I want to get information"},"footnotes":""},"class_list":["post-328","page","type-page","status-publish","hentry"],"yoast_head":"<!-- This site is optimized with the Yoast SEO Premium plugin v25.2 (Yoast SEO v27.3) - https:\/\/yoast.com\/product\/yoast-seo-premium-wordpress\/ -->\n<title>RGPRO | Home Page | EFfor<\/title>\n<meta name=\"description\" content=\"sector by offering the best services, is open to development, has taken the honest and quality service as its duty.\" \/>\n<meta name=\"robots\" content=\"index, follow, max-snippet:-1, max-image-preview:large, max-video-preview:-1\" \/>\n<link rel=\"canonical\" href=\"https:\/\/rgpro.com.tr\/\" \/>\n<meta property=\"og:locale\" content=\"en_US\" \/>\n<meta property=\"og:type\" content=\"article\" \/>\n<meta property=\"og:title\" content=\"Home Page\" \/>\n<meta property=\"og:description\" content=\"sector by offering the best services, is open to development, has taken the honest and quality service as its duty.\" \/>\n<meta property=\"og:url\" content=\"https:\/\/rgpro.com.tr\/\" \/>\n<meta property=\"og:site_name\" content=\"RGPro - Hermetik Kap\u0131 Sistemleri [Efor Otomatik Kap\u0131]\" \/>\n<meta property=\"article:modified_time\" content=\"2026-01-27T14:07:23+00:00\" \/>\n<meta property=\"og:image\" content=\"https:\/\/rgpro.com.tr\/wp-content\/uploads\/rgopro-anasayfa.jpg\" \/>\n<meta name=\"twitter:card\" content=\"summary_large_image\" \/>\n<meta name=\"twitter:label1\" content=\"Est. reading time\" \/>\n\t<meta name=\"twitter:data1\" content=\"2 minutes\" \/>\n<script type=\"application\/ld+json\" class=\"yoast-schema-graph\">{\"@context\":\"https:\\\/\\\/schema.org\",\"@graph\":[{\"@type\":\"WebPage\",\"@id\":\"https:\\\/\\\/rgpro.com.tr\\\/\",\"url\":\"https:\\\/\\\/rgpro.com.tr\\\/\",\"name\":\"RGPRO | Home Page | EFfor\",\"isPartOf\":{\"@id\":\"https:\\\/\\\/rgpro.com.tr\\\/#website\"},\"primaryImageOfPage\":{\"@id\":\"https:\\\/\\\/rgpro.com.tr\\\/#primaryimage\"},\"image\":{\"@id\":\"https:\\\/\\\/rgpro.com.tr\\\/#primaryimage\"},\"thumbnailUrl\":\"https:\\\/\\\/rgpro.com.tr\\\/wp-content\\\/uploads\\\/rgopro-anasayfa.jpg\",\"datePublished\":\"2021-12-03T10:06:09+00:00\",\"dateModified\":\"2026-01-27T14:07:23+00:00\",\"description\":\"sector by offering the best services, is open to development, has taken the honest and quality service as its duty.\",\"breadcrumb\":{\"@id\":\"https:\\\/\\\/rgpro.com.tr\\\/#breadcrumb\"},\"inLanguage\":\"en-US\",\"potentialAction\":[{\"@type\":\"ReadAction\",\"target\":[\"https:\\\/\\\/rgpro.com.tr\\\/\"]}]},{\"@type\":\"ImageObject\",\"inLanguage\":\"en-US\",\"@id\":\"https:\\\/\\\/rgpro.com.tr\\\/#primaryimage\",\"url\":\"https:\\\/\\\/rgpro.com.tr\\\/wp-content\\\/uploads\\\/rgopro-anasayfa.jpg\",\"contentUrl\":\"https:\\\/\\\/rgpro.com.tr\\\/wp-content\\\/uploads\\\/rgopro-anasayfa.jpg\"},{\"@type\":\"BreadcrumbList\",\"@id\":\"https:\\\/\\\/rgpro.com.tr\\\/#breadcrumb\",\"itemListElement\":[{\"@type\":\"ListItem\",\"position\":1,\"name\":\"Anasayfa\",\"item\":\"https:\\\/\\\/rgpro.com.tr\\\/\"},{\"@type\":\"ListItem\",\"position\":2,\"name\":\"Home Page\"}]},{\"@type\":\"WebSite\",\"@id\":\"https:\\\/\\\/rgpro.com.tr\\\/#website\",\"url\":\"https:\\\/\\\/rgpro.com.tr\\\/\",\"name\":\"RGPro - Hermetik Ameliyathane Kap\u0131 Sistemleri [Efor Otomatik Kap\u0131]\",\"description\":\"rgpro.com.tr\",\"publisher\":{\"@id\":\"https:\\\/\\\/rgpro.com.tr\\\/#organization\"},\"potentialAction\":[{\"@type\":\"SearchAction\",\"target\":{\"@type\":\"EntryPoint\",\"urlTemplate\":\"https:\\\/\\\/rgpro.com.tr\\\/?s={search_term_string}\"},\"query-input\":{\"@type\":\"PropertyValueSpecification\",\"valueRequired\":true,\"valueName\":\"search_term_string\"}}],\"inLanguage\":\"en-US\"},{\"@type\":\"Organization\",\"@id\":\"https:\\\/\\\/rgpro.com.tr\\\/#organization\",\"name\":\"EFOR OTOMAT\u0130K KAPI \u0130N\u015eAAT ELEKTR\u0130K ELEKTRON\u0130K VE OTOMASYON S\u0130STEMLER\u0130 SAN. T\u0130C. LTD. \u015eT\u0130.\",\"url\":\"https:\\\/\\\/rgpro.com.tr\\\/\",\"logo\":{\"@type\":\"ImageObject\",\"inLanguage\":\"en-US\",\"@id\":\"https:\\\/\\\/rgpro.com.tr\\\/#\\\/schema\\\/logo\\\/image\\\/\",\"url\":\"https:\\\/\\\/rgpro.com.tr\\\/wp-content\\\/uploads\\\/rgpro-marka-logo1.png\",\"contentUrl\":\"https:\\\/\\\/rgpro.com.tr\\\/wp-content\\\/uploads\\\/rgpro-marka-logo1.png\",\"width\":1240,\"height\":768,\"caption\":\"EFOR OTOMAT\u0130K KAPI \u0130N\u015eAAT ELEKTR\u0130K ELEKTRON\u0130K VE OTOMASYON S\u0130STEMLER\u0130 SAN. T\u0130C. LTD. \u015eT\u0130.\"},\"image\":{\"@id\":\"https:\\\/\\\/rgpro.com.tr\\\/#\\\/schema\\\/logo\\\/image\\\/\"}}]}<\/script>\n<!-- \/ Yoast SEO Premium plugin. -->","yoast_head_json":{"title":"RGPRO | Home Page | EFfor","description":"sector by offering the best services, is open to development, has taken the honest and quality service as its duty.","robots":{"index":"index","follow":"follow","max-snippet":"max-snippet:-1","max-image-preview":"max-image-preview:large","max-video-preview":"max-video-preview:-1"},"canonical":"https:\/\/rgpro.com.tr\/","og_locale":"en_US","og_type":"article","og_title":"Home Page","og_description":"sector by offering the best services, is open to development, has taken the honest and quality service as its duty.","og_url":"https:\/\/rgpro.com.tr\/","og_site_name":"RGPro - Hermetik Kap\u0131 Sistemleri [Efor Otomatik Kap\u0131]","article_modified_time":"2026-01-27T14:07:23+00:00","og_image":[{"url":"https:\/\/rgpro.com.tr\/wp-content\/uploads\/rgopro-anasayfa.jpg","type":"","width":"","height":""}],"twitter_card":"summary_large_image","twitter_misc":{"Est. reading time":"2 minutes"},"schema":{"@context":"https:\/\/schema.org","@graph":[{"@type":"WebPage","@id":"https:\/\/rgpro.com.tr\/","url":"https:\/\/rgpro.com.tr\/","name":"RGPRO | Home Page | EFfor","isPartOf":{"@id":"https:\/\/rgpro.com.tr\/#website"},"primaryImageOfPage":{"@id":"https:\/\/rgpro.com.tr\/#primaryimage"},"image":{"@id":"https:\/\/rgpro.com.tr\/#primaryimage"},"thumbnailUrl":"https:\/\/rgpro.com.tr\/wp-content\/uploads\/rgopro-anasayfa.jpg","datePublished":"2021-12-03T10:06:09+00:00","dateModified":"2026-01-27T14:07:23+00:00","description":"sector by offering the best services, is open to development, has taken the honest and quality service as its duty.","breadcrumb":{"@id":"https:\/\/rgpro.com.tr\/#breadcrumb"},"inLanguage":"en-US","potentialAction":[{"@type":"ReadAction","target":["https:\/\/rgpro.com.tr\/"]}]},{"@type":"ImageObject","inLanguage":"en-US","@id":"https:\/\/rgpro.com.tr\/#primaryimage","url":"https:\/\/rgpro.com.tr\/wp-content\/uploads\/rgopro-anasayfa.jpg","contentUrl":"https:\/\/rgpro.com.tr\/wp-content\/uploads\/rgopro-anasayfa.jpg"},{"@type":"BreadcrumbList","@id":"https:\/\/rgpro.com.tr\/#breadcrumb","itemListElement":[{"@type":"ListItem","position":1,"name":"Anasayfa","item":"https:\/\/rgpro.com.tr\/"},{"@type":"ListItem","position":2,"name":"Home Page"}]},{"@type":"WebSite","@id":"https:\/\/rgpro.com.tr\/#website","url":"https:\/\/rgpro.com.tr\/","name":"RGPro - Hermetik Ameliyathane Kap\u0131 Sistemleri [Efor Otomatik Kap\u0131]","description":"rgpro.com.tr","publisher":{"@id":"https:\/\/rgpro.com.tr\/#organization"},"potentialAction":[{"@type":"SearchAction","target":{"@type":"EntryPoint","urlTemplate":"https:\/\/rgpro.com.tr\/?s={search_term_string}"},"query-input":{"@type":"PropertyValueSpecification","valueRequired":true,"valueName":"search_term_string"}}],"inLanguage":"en-US"},{"@type":"Organization","@id":"https:\/\/rgpro.com.tr\/#organization","name":"EFOR OTOMAT\u0130K KAPI \u0130N\u015eAAT ELEKTR\u0130K ELEKTRON\u0130K VE OTOMASYON S\u0130STEMLER\u0130 SAN. T\u0130C. LTD. \u015eT\u0130.","url":"https:\/\/rgpro.com.tr\/","logo":{"@type":"ImageObject","inLanguage":"en-US","@id":"https:\/\/rgpro.com.tr\/#\/schema\/logo\/image\/","url":"https:\/\/rgpro.com.tr\/wp-content\/uploads\/rgpro-marka-logo1.png","contentUrl":"https:\/\/rgpro.com.tr\/wp-content\/uploads\/rgpro-marka-logo1.png","width":1240,"height":768,"caption":"EFOR OTOMAT\u0130K KAPI \u0130N\u015eAAT ELEKTR\u0130K ELEKTRON\u0130K VE OTOMASYON S\u0130STEMLER\u0130 SAN. T\u0130C. LTD. \u015eT\u0130."},"image":{"@id":"https:\/\/rgpro.com.tr\/#\/schema\/logo\/image\/"}}]}},"_links":{"self":[{"href":"https:\/\/rgpro.com.tr\/en\/wp-json\/wp\/v2\/pages\/328","targetHints":{"allow":["GET"]}}],"collection":[{"href":"https:\/\/rgpro.com.tr\/en\/wp-json\/wp\/v2\/pages"}],"about":[{"href":"https:\/\/rgpro.com.tr\/en\/wp-json\/wp\/v2\/types\/page"}],"author":[{"embeddable":true,"href":"https:\/\/rgpro.com.tr\/en\/wp-json\/wp\/v2\/users\/1"}],"replies":[{"embeddable":true,"href":"https:\/\/rgpro.com.tr\/en\/wp-json\/wp\/v2\/comments?post=328"}],"version-history":[{"count":3,"href":"https:\/\/rgpro.com.tr\/en\/wp-json\/wp\/v2\/pages\/328\/revisions"}],"predecessor-version":[{"id":6927,"href":"https:\/\/rgpro.com.tr\/en\/wp-json\/wp\/v2\/pages\/328\/revisions\/6927"}],"wp:attachment":[{"href":"https:\/\/rgpro.com.tr\/en\/wp-json\/wp\/v2\/media?parent=328"}],"curies":[{"name":"wp","href":"https:\/\/api.w.org\/{rel}","templated":true}]}}