{"id":325,"date":"2021-12-03T09:59:01","date_gmt":"2021-12-03T09:59:01","guid":{"rendered":"https:\/\/rgpro.com.tr\/?page_id=325"},"modified":"2025-09-19T08:47:09","modified_gmt":"2025-09-19T08:47:09","slug":"90-stainless-hygienic-room-doors","status":"publish","type":"page","link":"https:\/\/rgpro.com.tr\/en\/90-stainless-hygienic-room-doors\/","title":{"rendered":"90\u00b0 Stainless Hygienic Room Doors"},"content":{"rendered":"\n<pre id=\"tw-target-text\" class=\"wp-block-preformatted\"><\/pre>\n\n\n\n<pre id=\"tw-target-text\" class=\"wp-block-preformatted\"><\/pre>\n","protected":false},"excerpt":{"rendered":"","protected":false},"author":1,"featured_media":0,"parent":0,"menu_order":0,"comment_status":"closed","ping_status":"closed","template":"","meta":{"_joinchat":[],"footnotes":""},"class_list":["post-325","page","type-page","status-publish","hentry"],"yoast_head":"<!-- This site is optimized with the Yoast SEO Premium plugin v25.2 (Yoast SEO v27.3) - https:\/\/yoast.com\/product\/yoast-seo-premium-wordpress\/ -->\n<title>RGPRO Door | 90\u00b0 Stainless Hygienic Room Doors | Efor<\/title>\n<meta name=\"description\" content=\"Clean rooms, as the name suggests, ultra hygieneThese are the rooms where air quality is of critical importance.\" \/>\n<meta name=\"robots\" content=\"index, follow, max-snippet:-1, max-image-preview:large, max-video-preview:-1\" \/>\n<link rel=\"canonical\" href=\"https:\/\/rgpro.com.tr\/90derece-paslanmaz-temiz-oda-kapilari\/\" \/>\n<meta property=\"og:locale\" content=\"en_US\" \/>\n<meta property=\"og:type\" content=\"article\" \/>\n<meta property=\"og:title\" content=\"90\u00b0 Stainless Hygienic Room Doors\" \/>\n<meta property=\"og:description\" content=\"Clean rooms, as the name suggests, ultra hygieneThese are the rooms where air quality is of critical importance.\" \/>\n<meta property=\"og:url\" content=\"https:\/\/rgpro.com.tr\/90derece-paslanmaz-temiz-oda-kapilari\/\" \/>\n<meta property=\"og:site_name\" content=\"RGPro - Hermetik Kap\u0131 Sistemleri [Efor Otomatik Kap\u0131]\" \/>\n<meta property=\"article:modified_time\" content=\"2025-09-19T08:47:09+00:00\" \/>\n<meta name=\"twitter:card\" content=\"summary_large_image\" \/>\n<script type=\"application\/ld+json\" class=\"yoast-schema-graph\">{\"@context\":\"https:\\\/\\\/schema.org\",\"@graph\":[{\"@type\":\"WebPage\",\"@id\":\"https:\\\/\\\/rgpro.com.tr\\\/90derece-paslanmaz-temiz-oda-kapilari\\\/\",\"url\":\"https:\\\/\\\/rgpro.com.tr\\\/90derece-paslanmaz-temiz-oda-kapilari\\\/\",\"name\":\"RGPRO Door | 90\u00b0 Stainless Hygienic Room Doors | Efor\",\"isPartOf\":{\"@id\":\"https:\\\/\\\/rgpro.com.tr\\\/#website\"},\"datePublished\":\"2021-12-03T09:59:01+00:00\",\"dateModified\":\"2025-09-19T08:47:09+00:00\",\"description\":\"Clean rooms, as the name suggests, ultra hygieneThese are the rooms where air quality is of critical importance.\",\"breadcrumb\":{\"@id\":\"https:\\\/\\\/rgpro.com.tr\\\/90derece-paslanmaz-temiz-oda-kapilari\\\/#breadcrumb\"},\"inLanguage\":\"en-US\",\"potentialAction\":[{\"@type\":\"ReadAction\",\"target\":[\"https:\\\/\\\/rgpro.com.tr\\\/90derece-paslanmaz-temiz-oda-kapilari\\\/\"]}]},{\"@type\":\"BreadcrumbList\",\"@id\":\"https:\\\/\\\/rgpro.com.tr\\\/90derece-paslanmaz-temiz-oda-kapilari\\\/#breadcrumb\",\"itemListElement\":[{\"@type\":\"ListItem\",\"position\":1,\"name\":\"Anasayfa\",\"item\":\"https:\\\/\\\/rgpro.com.tr\\\/\"},{\"@type\":\"ListItem\",\"position\":2,\"name\":\"90\u00b0 Stainless Hygienic Room Doors\"}]},{\"@type\":\"WebSite\",\"@id\":\"https:\\\/\\\/rgpro.com.tr\\\/#website\",\"url\":\"https:\\\/\\\/rgpro.com.tr\\\/\",\"name\":\"RGPro - Hermetik Ameliyathane Kap\u0131 Sistemleri [Efor Otomatik Kap\u0131]\",\"description\":\"rgpro.com.tr\",\"publisher\":{\"@id\":\"https:\\\/\\\/rgpro.com.tr\\\/#organization\"},\"potentialAction\":[{\"@type\":\"SearchAction\",\"target\":{\"@type\":\"EntryPoint\",\"urlTemplate\":\"https:\\\/\\\/rgpro.com.tr\\\/?s={search_term_string}\"},\"query-input\":{\"@type\":\"PropertyValueSpecification\",\"valueRequired\":true,\"valueName\":\"search_term_string\"}}],\"inLanguage\":\"en-US\"},{\"@type\":\"Organization\",\"@id\":\"https:\\\/\\\/rgpro.com.tr\\\/#organization\",\"name\":\"EFOR OTOMAT\u0130K KAPI \u0130N\u015eAAT ELEKTR\u0130K ELEKTRON\u0130K VE OTOMASYON S\u0130STEMLER\u0130 SAN. T\u0130C. LTD. \u015eT\u0130.\",\"url\":\"https:\\\/\\\/rgpro.com.tr\\\/\",\"logo\":{\"@type\":\"ImageObject\",\"inLanguage\":\"en-US\",\"@id\":\"https:\\\/\\\/rgpro.com.tr\\\/#\\\/schema\\\/logo\\\/image\\\/\",\"url\":\"https:\\\/\\\/rgpro.com.tr\\\/wp-content\\\/uploads\\\/rgpro-marka-logo1.png\",\"contentUrl\":\"https:\\\/\\\/rgpro.com.tr\\\/wp-content\\\/uploads\\\/rgpro-marka-logo1.png\",\"width\":1240,\"height\":768,\"caption\":\"EFOR OTOMAT\u0130K KAPI \u0130N\u015eAAT ELEKTR\u0130K ELEKTRON\u0130K VE OTOMASYON S\u0130STEMLER\u0130 SAN. T\u0130C. LTD. \u015eT\u0130.\"},\"image\":{\"@id\":\"https:\\\/\\\/rgpro.com.tr\\\/#\\\/schema\\\/logo\\\/image\\\/\"}}]}<\/script>\n<!-- \/ Yoast SEO Premium plugin. -->","yoast_head_json":{"title":"RGPRO Door | 90\u00b0 Stainless Hygienic Room Doors | Efor","description":"Clean rooms, as the name suggests, ultra hygieneThese are the rooms where air quality is of critical importance.","robots":{"index":"index","follow":"follow","max-snippet":"max-snippet:-1","max-image-preview":"max-image-preview:large","max-video-preview":"max-video-preview:-1"},"canonical":"https:\/\/rgpro.com.tr\/90derece-paslanmaz-temiz-oda-kapilari\/","og_locale":"en_US","og_type":"article","og_title":"90\u00b0 Stainless Hygienic Room Doors","og_description":"Clean rooms, as the name suggests, ultra hygieneThese are the rooms where air quality is of critical importance.","og_url":"https:\/\/rgpro.com.tr\/90derece-paslanmaz-temiz-oda-kapilari\/","og_site_name":"RGPro - Hermetik Kap\u0131 Sistemleri [Efor Otomatik Kap\u0131]","article_modified_time":"2025-09-19T08:47:09+00:00","twitter_card":"summary_large_image","schema":{"@context":"https:\/\/schema.org","@graph":[{"@type":"WebPage","@id":"https:\/\/rgpro.com.tr\/90derece-paslanmaz-temiz-oda-kapilari\/","url":"https:\/\/rgpro.com.tr\/90derece-paslanmaz-temiz-oda-kapilari\/","name":"RGPRO Door | 90\u00b0 Stainless Hygienic Room Doors | Efor","isPartOf":{"@id":"https:\/\/rgpro.com.tr\/#website"},"datePublished":"2021-12-03T09:59:01+00:00","dateModified":"2025-09-19T08:47:09+00:00","description":"Clean rooms, as the name suggests, ultra hygieneThese are the rooms where air quality is of critical importance.","breadcrumb":{"@id":"https:\/\/rgpro.com.tr\/90derece-paslanmaz-temiz-oda-kapilari\/#breadcrumb"},"inLanguage":"en-US","potentialAction":[{"@type":"ReadAction","target":["https:\/\/rgpro.com.tr\/90derece-paslanmaz-temiz-oda-kapilari\/"]}]},{"@type":"BreadcrumbList","@id":"https:\/\/rgpro.com.tr\/90derece-paslanmaz-temiz-oda-kapilari\/#breadcrumb","itemListElement":[{"@type":"ListItem","position":1,"name":"Anasayfa","item":"https:\/\/rgpro.com.tr\/"},{"@type":"ListItem","position":2,"name":"90\u00b0 Stainless Hygienic Room Doors"}]},{"@type":"WebSite","@id":"https:\/\/rgpro.com.tr\/#website","url":"https:\/\/rgpro.com.tr\/","name":"RGPro - Hermetik Ameliyathane Kap\u0131 Sistemleri [Efor Otomatik Kap\u0131]","description":"rgpro.com.tr","publisher":{"@id":"https:\/\/rgpro.com.tr\/#organization"},"potentialAction":[{"@type":"SearchAction","target":{"@type":"EntryPoint","urlTemplate":"https:\/\/rgpro.com.tr\/?s={search_term_string}"},"query-input":{"@type":"PropertyValueSpecification","valueRequired":true,"valueName":"search_term_string"}}],"inLanguage":"en-US"},{"@type":"Organization","@id":"https:\/\/rgpro.com.tr\/#organization","name":"EFOR OTOMAT\u0130K KAPI \u0130N\u015eAAT ELEKTR\u0130K ELEKTRON\u0130K VE OTOMASYON S\u0130STEMLER\u0130 SAN. T\u0130C. LTD. \u015eT\u0130.","url":"https:\/\/rgpro.com.tr\/","logo":{"@type":"ImageObject","inLanguage":"en-US","@id":"https:\/\/rgpro.com.tr\/#\/schema\/logo\/image\/","url":"https:\/\/rgpro.com.tr\/wp-content\/uploads\/rgpro-marka-logo1.png","contentUrl":"https:\/\/rgpro.com.tr\/wp-content\/uploads\/rgpro-marka-logo1.png","width":1240,"height":768,"caption":"EFOR OTOMAT\u0130K KAPI \u0130N\u015eAAT ELEKTR\u0130K ELEKTRON\u0130K VE OTOMASYON S\u0130STEMLER\u0130 SAN. T\u0130C. LTD. \u015eT\u0130."},"image":{"@id":"https:\/\/rgpro.com.tr\/#\/schema\/logo\/image\/"}}]}},"_links":{"self":[{"href":"https:\/\/rgpro.com.tr\/en\/wp-json\/wp\/v2\/pages\/325","targetHints":{"allow":["GET"]}}],"collection":[{"href":"https:\/\/rgpro.com.tr\/en\/wp-json\/wp\/v2\/pages"}],"about":[{"href":"https:\/\/rgpro.com.tr\/en\/wp-json\/wp\/v2\/types\/page"}],"author":[{"embeddable":true,"href":"https:\/\/rgpro.com.tr\/en\/wp-json\/wp\/v2\/users\/1"}],"replies":[{"embeddable":true,"href":"https:\/\/rgpro.com.tr\/en\/wp-json\/wp\/v2\/comments?post=325"}],"version-history":[{"count":1,"href":"https:\/\/rgpro.com.tr\/en\/wp-json\/wp\/v2\/pages\/325\/revisions"}],"predecessor-version":[{"id":5760,"href":"https:\/\/rgpro.com.tr\/en\/wp-json\/wp\/v2\/pages\/325\/revisions\/5760"}],"wp:attachment":[{"href":"https:\/\/rgpro.com.tr\/en\/wp-json\/wp\/v2\/media?parent=325"}],"curies":[{"name":"wp","href":"https:\/\/api.w.org\/{rel}","templated":true}]}}