{"id":308,"date":"2021-12-03T08:44:00","date_gmt":"2021-12-03T08:44:00","guid":{"rendered":"https:\/\/rgpro.com.tr\/?page_id=308"},"modified":"2025-09-19T08:47:15","modified_gmt":"2025-09-19T08:47:15","slug":"90-stainless-hermetic-door-systems","status":"publish","type":"page","link":"https:\/\/rgpro.com.tr\/en\/90-stainless-hermetic-door-systems\/","title":{"rendered":"90\u00b0 Stainless Hermetic Door Systems"},"content":{"rendered":"\n<p>90\u00b0 Stainless Hermetic Door Systems<br>line<br><br><img decoding=\"async\" src=\"https:\/\/rgpro.com.tr\/wp-content\/uploads\/rgpro-urun-90\u00b0-acilir-hermetik-kapi.jpg\" alt=\"rgpro-urun-90\u00b0-acilir-hermetik-kapi\"><br>full<br><br>90\u00b0 Paslanmaz Otomatik Kap\u0131<br>Product Description<br>Product features<br>Usage areas<br>Stainless hinged doors were produced to meet these\n<br>needs.\n<br>Stainless doors are framed with specially-designed\n<br>aluminum profiles. If required, HPL laminate can be\n<br>used on the surface.<br>Based on user expectations, the doors are\n<br>available as single- or double-winged and\n<br>as automatically- or manually-operated\n<br>doors.\n<br>The door wings produced with\n<br>antibacterial materials oer various panel\n<br>options appropriate for insulation needs<br>The doors use lead or polyurethane panels with varying densities. They are widely used in areas\n<br>requiring sound insulation such as hospitals, laboratories, high-tech and pharmaceutical facilities,\n<br>clean rooms, gas-proof rooms and theatres.\n<br>\u2022 Rigid, quality and anti-dust profiles\n<br>\u2022 Stainless steel handle, lock, strike plate and 40 mm observation window (tempered with 20 mm special paint on the edges)\n<br>\u2022 Sound- and heat-proof panels\n<br>\u2022 Frame and panel covering adjustable to walls of any thickness<br>accordion<br><br>https:\/\/rgpro.com.tr\/wp-content\/uploads\/rgpro-urun-90derece-acilir-hermetik-kapi.jpg<br>https:\/\/rgpro.com.tr\/wp-content\/uploads\/rgpro-urun-90\u00b0-acilir-hermetik-kapi.jpg<br><br><\/p>\n","protected":false},"excerpt":{"rendered":"<p>90\u00b0 Stainless Hermetic Door Systemsline full 90\u00b0 Paslanmaz Otomatik Kap\u0131Product DescriptionProduct featuresUsage areasStainless hinged doors were produced to meet these needs. Stainless doors are framed with<span class=\"excerpt-hellip\"> [\u2026]<\/span><\/p>\n","protected":false},"author":1,"featured_media":0,"parent":0,"menu_order":0,"comment_status":"closed","ping_status":"closed","template":"","meta":{"_joinchat":[],"footnotes":""},"class_list":["post-308","page","type-page","status-publish","hentry"],"yoast_head":"<!-- This site is optimized with the Yoast SEO Premium plugin v25.2 (Yoast SEO v27.3) - https:\/\/yoast.com\/product\/yoast-seo-premium-wordpress\/ -->\n<title>RGPRO Door | 90\u00b0 Stainless Hermetic Door Systems | Efor<\/title>\n<meta name=\"description\" content=\"Stainless doors are framed with specially-designed aluminum profiles. If required, HPL laminate can be used on the surface.\" \/>\n<meta name=\"robots\" content=\"index, follow, max-snippet:-1, max-image-preview:large, max-video-preview:-1\" \/>\n<link rel=\"canonical\" href=\"https:\/\/rgpro.com.tr\/en\/90-stainless-hermetic-door-systems\/\" \/>\n<meta property=\"og:locale\" content=\"en_US\" \/>\n<meta property=\"og:type\" content=\"article\" \/>\n<meta property=\"og:title\" content=\"90\u00b0 Stainless Hermetic Door Systems\" \/>\n<meta property=\"og:description\" content=\"Stainless doors are framed with specially-designed aluminum profiles. If required, HPL laminate can be used on the surface.\" \/>\n<meta property=\"og:url\" content=\"https:\/\/rgpro.com.tr\/en\/90-stainless-hermetic-door-systems\/\" \/>\n<meta property=\"og:site_name\" content=\"RGPro - Hermetik Kap\u0131 Sistemleri [Efor Otomatik Kap\u0131]\" \/>\n<meta property=\"article:modified_time\" content=\"2025-09-19T08:47:15+00:00\" \/>\n<meta name=\"twitter:card\" content=\"summary_large_image\" \/>\n<meta name=\"twitter:label1\" content=\"Est. reading time\" \/>\n\t<meta name=\"twitter:data1\" content=\"1 minute\" \/>\n<script type=\"application\/ld+json\" class=\"yoast-schema-graph\">{\"@context\":\"https:\\\/\\\/schema.org\",\"@graph\":[{\"@type\":\"WebPage\",\"@id\":\"https:\\\/\\\/rgpro.com.tr\\\/en\\\/90-stainless-hermetic-door-systems\\\/\",\"url\":\"https:\\\/\\\/rgpro.com.tr\\\/en\\\/90-stainless-hermetic-door-systems\\\/\",\"name\":\"RGPRO Door | 90\u00b0 Stainless Hermetic Door Systems | Efor\",\"isPartOf\":{\"@id\":\"https:\\\/\\\/rgpro.com.tr\\\/#website\"},\"datePublished\":\"2021-12-03T08:44:00+00:00\",\"dateModified\":\"2025-09-19T08:47:15+00:00\",\"description\":\"Stainless doors are framed with specially-designed aluminum profiles. If required, HPL laminate can be used on the surface.\",\"breadcrumb\":{\"@id\":\"https:\\\/\\\/rgpro.com.tr\\\/en\\\/90-stainless-hermetic-door-systems\\\/#breadcrumb\"},\"inLanguage\":\"en-US\",\"potentialAction\":[{\"@type\":\"ReadAction\",\"target\":[\"https:\\\/\\\/rgpro.com.tr\\\/en\\\/90-stainless-hermetic-door-systems\\\/\"]}]},{\"@type\":\"BreadcrumbList\",\"@id\":\"https:\\\/\\\/rgpro.com.tr\\\/en\\\/90-stainless-hermetic-door-systems\\\/#breadcrumb\",\"itemListElement\":[{\"@type\":\"ListItem\",\"position\":1,\"name\":\"Anasayfa\",\"item\":\"https:\\\/\\\/rgpro.com.tr\\\/\"},{\"@type\":\"ListItem\",\"position\":2,\"name\":\"90\u00b0 Stainless Hermetic Door Systems\"}]},{\"@type\":\"WebSite\",\"@id\":\"https:\\\/\\\/rgpro.com.tr\\\/#website\",\"url\":\"https:\\\/\\\/rgpro.com.tr\\\/\",\"name\":\"RGPro - Hermetik Ameliyathane Kap\u0131 Sistemleri [Efor Otomatik Kap\u0131]\",\"description\":\"rgpro.com.tr\",\"publisher\":{\"@id\":\"https:\\\/\\\/rgpro.com.tr\\\/#organization\"},\"potentialAction\":[{\"@type\":\"SearchAction\",\"target\":{\"@type\":\"EntryPoint\",\"urlTemplate\":\"https:\\\/\\\/rgpro.com.tr\\\/?s={search_term_string}\"},\"query-input\":{\"@type\":\"PropertyValueSpecification\",\"valueRequired\":true,\"valueName\":\"search_term_string\"}}],\"inLanguage\":\"en-US\"},{\"@type\":\"Organization\",\"@id\":\"https:\\\/\\\/rgpro.com.tr\\\/#organization\",\"name\":\"EFOR OTOMAT\u0130K KAPI \u0130N\u015eAAT ELEKTR\u0130K ELEKTRON\u0130K VE OTOMASYON S\u0130STEMLER\u0130 SAN. T\u0130C. LTD. \u015eT\u0130.\",\"url\":\"https:\\\/\\\/rgpro.com.tr\\\/\",\"logo\":{\"@type\":\"ImageObject\",\"inLanguage\":\"en-US\",\"@id\":\"https:\\\/\\\/rgpro.com.tr\\\/#\\\/schema\\\/logo\\\/image\\\/\",\"url\":\"https:\\\/\\\/rgpro.com.tr\\\/wp-content\\\/uploads\\\/rgpro-marka-logo1.png\",\"contentUrl\":\"https:\\\/\\\/rgpro.com.tr\\\/wp-content\\\/uploads\\\/rgpro-marka-logo1.png\",\"width\":1240,\"height\":768,\"caption\":\"EFOR OTOMAT\u0130K KAPI \u0130N\u015eAAT ELEKTR\u0130K ELEKTRON\u0130K VE OTOMASYON S\u0130STEMLER\u0130 SAN. T\u0130C. LTD. \u015eT\u0130.\"},\"image\":{\"@id\":\"https:\\\/\\\/rgpro.com.tr\\\/#\\\/schema\\\/logo\\\/image\\\/\"}}]}<\/script>\n<!-- \/ Yoast SEO Premium plugin. -->","yoast_head_json":{"title":"RGPRO Door | 90\u00b0 Stainless Hermetic Door Systems | Efor","description":"Stainless doors are framed with specially-designed aluminum profiles. If required, HPL laminate can be used on the surface.","robots":{"index":"index","follow":"follow","max-snippet":"max-snippet:-1","max-image-preview":"max-image-preview:large","max-video-preview":"max-video-preview:-1"},"canonical":"https:\/\/rgpro.com.tr\/en\/90-stainless-hermetic-door-systems\/","og_locale":"en_US","og_type":"article","og_title":"90\u00b0 Stainless Hermetic Door Systems","og_description":"Stainless doors are framed with specially-designed aluminum profiles. If required, HPL laminate can be used on the surface.","og_url":"https:\/\/rgpro.com.tr\/en\/90-stainless-hermetic-door-systems\/","og_site_name":"RGPro - Hermetik Kap\u0131 Sistemleri [Efor Otomatik Kap\u0131]","article_modified_time":"2025-09-19T08:47:15+00:00","twitter_card":"summary_large_image","twitter_misc":{"Est. reading time":"1 minute"},"schema":{"@context":"https:\/\/schema.org","@graph":[{"@type":"WebPage","@id":"https:\/\/rgpro.com.tr\/en\/90-stainless-hermetic-door-systems\/","url":"https:\/\/rgpro.com.tr\/en\/90-stainless-hermetic-door-systems\/","name":"RGPRO Door | 90\u00b0 Stainless Hermetic Door Systems | Efor","isPartOf":{"@id":"https:\/\/rgpro.com.tr\/#website"},"datePublished":"2021-12-03T08:44:00+00:00","dateModified":"2025-09-19T08:47:15+00:00","description":"Stainless doors are framed with specially-designed aluminum profiles. If required, HPL laminate can be used on the surface.","breadcrumb":{"@id":"https:\/\/rgpro.com.tr\/en\/90-stainless-hermetic-door-systems\/#breadcrumb"},"inLanguage":"en-US","potentialAction":[{"@type":"ReadAction","target":["https:\/\/rgpro.com.tr\/en\/90-stainless-hermetic-door-systems\/"]}]},{"@type":"BreadcrumbList","@id":"https:\/\/rgpro.com.tr\/en\/90-stainless-hermetic-door-systems\/#breadcrumb","itemListElement":[{"@type":"ListItem","position":1,"name":"Anasayfa","item":"https:\/\/rgpro.com.tr\/"},{"@type":"ListItem","position":2,"name":"90\u00b0 Stainless Hermetic Door Systems"}]},{"@type":"WebSite","@id":"https:\/\/rgpro.com.tr\/#website","url":"https:\/\/rgpro.com.tr\/","name":"RGPro - Hermetik Ameliyathane Kap\u0131 Sistemleri [Efor Otomatik Kap\u0131]","description":"rgpro.com.tr","publisher":{"@id":"https:\/\/rgpro.com.tr\/#organization"},"potentialAction":[{"@type":"SearchAction","target":{"@type":"EntryPoint","urlTemplate":"https:\/\/rgpro.com.tr\/?s={search_term_string}"},"query-input":{"@type":"PropertyValueSpecification","valueRequired":true,"valueName":"search_term_string"}}],"inLanguage":"en-US"},{"@type":"Organization","@id":"https:\/\/rgpro.com.tr\/#organization","name":"EFOR OTOMAT\u0130K KAPI \u0130N\u015eAAT ELEKTR\u0130K ELEKTRON\u0130K VE OTOMASYON S\u0130STEMLER\u0130 SAN. T\u0130C. LTD. \u015eT\u0130.","url":"https:\/\/rgpro.com.tr\/","logo":{"@type":"ImageObject","inLanguage":"en-US","@id":"https:\/\/rgpro.com.tr\/#\/schema\/logo\/image\/","url":"https:\/\/rgpro.com.tr\/wp-content\/uploads\/rgpro-marka-logo1.png","contentUrl":"https:\/\/rgpro.com.tr\/wp-content\/uploads\/rgpro-marka-logo1.png","width":1240,"height":768,"caption":"EFOR OTOMAT\u0130K KAPI \u0130N\u015eAAT ELEKTR\u0130K ELEKTRON\u0130K VE OTOMASYON S\u0130STEMLER\u0130 SAN. T\u0130C. LTD. \u015eT\u0130."},"image":{"@id":"https:\/\/rgpro.com.tr\/#\/schema\/logo\/image\/"}}]}},"_links":{"self":[{"href":"https:\/\/rgpro.com.tr\/en\/wp-json\/wp\/v2\/pages\/308","targetHints":{"allow":["GET"]}}],"collection":[{"href":"https:\/\/rgpro.com.tr\/en\/wp-json\/wp\/v2\/pages"}],"about":[{"href":"https:\/\/rgpro.com.tr\/en\/wp-json\/wp\/v2\/types\/page"}],"author":[{"embeddable":true,"href":"https:\/\/rgpro.com.tr\/en\/wp-json\/wp\/v2\/users\/1"}],"replies":[{"embeddable":true,"href":"https:\/\/rgpro.com.tr\/en\/wp-json\/wp\/v2\/comments?post=308"}],"version-history":[{"count":1,"href":"https:\/\/rgpro.com.tr\/en\/wp-json\/wp\/v2\/pages\/308\/revisions"}],"predecessor-version":[{"id":3876,"href":"https:\/\/rgpro.com.tr\/en\/wp-json\/wp\/v2\/pages\/308\/revisions\/3876"}],"wp:attachment":[{"href":"https:\/\/rgpro.com.tr\/en\/wp-json\/wp\/v2\/media?parent=308"}],"curies":[{"name":"wp","href":"https:\/\/api.w.org\/{rel}","templated":true}]}}